{"id":8897,"date":"2026-04-29T12:27:18","date_gmt":"2026-04-29T10:27:18","guid":{"rendered":"https:\/\/it2510.sspu-opava.eu\/?page_id=8897"},"modified":"2026-04-29T13:08:54","modified_gmt":"2026-04-29T11:08:54","slug":"elementor-8897","status":"publish","type":"page","link":"https:\/\/it2510.sspu-opava.eu\/?page_id=8897","title":{"rendered":"\u010c\u00cdM L\u00c9T\u00c1ME"},"content":{"rendered":"\t\t<div data-elementor-type=\"wp-page\" data-elementor-id=\"8897\" class=\"elementor elementor-8897\">\n\t\t\t\t<div class=\"elementor-element elementor-element-c97f3bf e-flex e-con-boxed e-con e-parent\" data-id=\"c97f3bf\" data-element_type=\"container\" data-e-type=\"container\">\n\t\t\t\t\t<div class=\"e-con-inner\">\n\t\t\t\t<div class=\"elementor-element elementor-element-395b5c9 elementor-widget elementor-widget-image\" data-id=\"395b5c9\" data-element_type=\"widget\" data-e-type=\"widget\" data-widget_type=\"image.default\">\n\t\t\t\t\t\t\t\t\t\t\t\t\t\t\t<img decoding=\"async\" src=\"https:\/\/it2510.sspu-opava.eu\/wp-content\/plugins\/elementor\/assets\/images\/placeholder.png\" title=\"\" alt=\"\" loading=\"lazy\" \/>\t\t\t\t\t\t\t\t\t\t\t\t\t\t\t<\/div>\n\t\t\t\t\t<\/div>\n\t\t\t\t<\/div>\n\t\t\t\t<div class=\"elementor-element elementor-element-3d827c5 e-con e-atomic-element e-flexbox-base\" data-id=\"3d827c5\" data-element_type=\"e-flexbox\" data-e-type=\"e-flexbox\" data-interaction-id=\"3d827c5\">\n\t\t\t\t<\/div>\n\t\t\t\t<div class=\"elementor-element elementor-element-68c88c8 e-con e-atomic-element e-flexbox-base e-68c88c8-cf11a84\" data-id=\"68c88c8\" data-element_type=\"e-flexbox\" data-e-type=\"e-flexbox\" data-interaction-id=\"68c88c8\">\n\t\t\t\t\t\t\t<h2 \n\t\tdata-interaction-id=\"ea9642d\" \n\t\tclass=\"e-heading-base\" \n\t\t \n\t\t\n\t>\n\t\n\t\t\t<strong id=\"e-mojxgx45-k2k9lsj\">DV-1 SKYLARK<\/strong>\n\t\t<\/h2>\n\t\t\t\t<\/div>\n\t\t<div class=\"elementor-element elementor-element-defaf10 e-flex e-con-boxed e-con e-parent\" data-id=\"defaf10\" data-element_type=\"container\" data-e-type=\"container\">\n\t\t\t\t\t<div class=\"e-con-inner\">\n\t\t\t\t<div class=\"elementor-element elementor-element-701d44f elementor-widget elementor-widget-heading\" data-id=\"701d44f\" data-element_type=\"widget\" data-e-type=\"widget\" data-widget_type=\"heading.default\">\n\t\t\t\t\t<h2 class=\"elementor-heading-title elementor-size-default\">Ultralehk\u00fd dvoum\u00edstn\u00fd dolnoplo\u0161n\u00edk<\/h2>\t\t\t\t<\/div>\n\t\t\t\t\t<\/div>\n\t\t\t\t<\/div>\n\t\t<div class=\"elementor-element elementor-element-f15b178 e-grid e-con-full e-con e-parent\" data-id=\"f15b178\" data-element_type=\"container\" data-e-type=\"container\">\n\t\t\t\t<div class=\"elementor-element elementor-element-e87a43a elementor-widget elementor-widget-text-editor\" data-id=\"e87a43a\" data-element_type=\"widget\" data-e-type=\"widget\" data-widget_type=\"text-editor.default\">\n\t\t\t\t\t\t\t\t\t<ol><li><strong>Trup<\/strong> &#8211;\u00a0polosko\u0159epinov\u00e1 konstrukce, v\u0161echny nosn\u00e9 \u010d\u00e1sti jsou vyrobeny z duralu.<\/li><li><strong>Lichob\u011b\u017en\u00edkov\u00e9 k\u0159\u00eddlo<\/strong>\u00a0\u2013 vybaveno jednoduch\u00fdmi skl\u00e1p\u011bc\u00edmi vztlakov\u00fdmi klapkami a tak\u00e9 karbonov\u00fdmi winglety.<\/li><li><strong>Svisl\u00e9 a vodorovn\u00e9 ocasn\u00ed plochy typu \u201eT\u201c (SOP, VOP)<\/strong>\u00a0\u2013 se skl\u00e1daj\u00ed ze sm\u011brovky, horizont\u00e1ln\u00edho stabiliz\u00e1toru, v\u00fd\u0161kovky s elektricky ovl\u00e1danou vyva\u017eovac\u00ed plo\u0161kou.<\/li><li><strong>Pevn\u00fd podvozek s \u0159\u00edzen\u00fdm p\u0159\u00ed\u010fov\u00fdm kolem<\/strong>\u00a0\u2013 odpru\u017een\u00e1 noha p\u0159\u00ed\u010fov\u00e9ho podvozku a sklolamin\u00e1tov\u00e1 konstrukce noh hlavn\u00edho podvozku.<\/li><li><strong>Zdvojen\u00e9 \u0159\u00edzen\u00ed<\/strong>\u00a0\u2013 k\u0159id\u00e9lka, v\u00fd\u0161kovka a sm\u011brovka se ovl\u00e1daj\u00ed z obou sedadel.<\/li><li><strong>Motor<\/strong>\u00a0\u2013 typ Rotax \u2013 912 UL (80 HP).<\/li><li><strong>Palivov\u00fd syst\u00e9m<\/strong>\u00a0\u2013 slo\u017een ze dvou integr\u00e1ln\u00edch n\u00e1dr\u017e\u00ed um\u00edst\u011bn\u00fdch v k\u0159\u00eddlech o celkov\u00e9m objemu 90 l. Vratn\u00e1 v\u011btev je vedena zp\u011bt do n\u00e1dr\u017ee v prav\u00e9m k\u0159\u00eddle.<\/li><li><strong>Pohodln\u00e1 a prostorn\u00e1 kabina<\/strong>\u00a0\u2013 dv\u011b vedle sebe um\u00edst\u011bn\u00e1 sedadla, zavazadlov\u00fd prostor um\u00edst\u011bn\u00fd za sedadly unese zavazadla o maxim\u00e1ln\u00ed hmotnosti 20 kg.<\/li><li>\u00a0<\/li><\/ol>\t\t\t\t\t\t\t\t<\/div>\n\t\t\t\t<div class=\"elementor-element elementor-element-fd1c910 elementor-widget elementor-widget-text-editor\" data-id=\"fd1c910\" data-element_type=\"widget\" data-e-type=\"widget\" data-widget_type=\"text-editor.default\">\n\t\t\t\t\t\t\t\t\t<ol>\n \t<li><strong>Parametry<\/strong><\/li>\n<\/ol>\n<ul>\n \t<li style=\"list-style-type: none;\">\n<ul>\n \t<li>Pr\u00e1zdn\u00e1 hmotnost \u2013 287 kg<\/li>\n \t<li>Maxim\u00e1ln\u00ed vzletov\u00e1 hmotnost \u2013 450 kg<\/li>\n \t<li>U\u017eite\u010dn\u00e9 zat\u00ed\u017een\u00ed -163 kg<\/li>\n \t<li>Maxim\u00e1ln\u00ed mno\u017estv\u00ed paliva \u2013 90 l<\/li>\n \t<li>Maxim\u00e1ln\u00ed hmotnost zavazadel \u2013 20 kg<\/li>\n \t<li>Maxim\u00e1ln\u00ed provozn\u00ed n\u00e1sobky\u00a0 \u2013 (+4, -2)<\/li>\n \t<li>Provozn\u00ed rychlosti:\n<ul>\n \t<li>P\u00e1dov\u00e1 rychlost s klapkami \u2013 64 km\/h<\/li>\n \t<li>Maxim\u00e1ln\u00ed cestovn\u00ed rychlost \u2013 210 km\/h<\/li>\n<\/ul>\n<\/li>\n \t<li>Dolet (30 min. rezerva) \u2013 1000 km<\/li>\n \t<li>V\u00fddr\u017e \u2013 5 h<\/li>\n \t<li>Pr\u016fm\u011brn\u00e1 spot\u0159eba paliva \u2013 15 l\/h<\/li>\n \t<li>Rozp\u011bt\u00ed k\u0159\u00eddla \u2013 8,14 m<\/li>\n \t<li>D\u00e9lka letounu \u2013 6,62 m<\/li>\n \t<li>V\u00fd\u0161ka letounu \u2013 2,28 m\n<div class=\"elementor-element elementor-element-6de75e9 e-flex e-con-boxed e-con e-parent e-lazyloaded\" data-id=\"6de75e9\" data-element_type=\"container\">\n<div class=\"e-con-inner\">\n<div class=\"elementor-element elementor-element-6d507aa elementor-widget elementor-widget-text-editor\" data-id=\"6d507aa\" data-element_type=\"widget\" data-widget_type=\"text-editor.default\">\n<div class=\"elementor-widget-container\"><\/div>\n<\/div>\n<\/div>\n<\/div>\n<div class=\"elementor-element elementor-element-4a310f4 e-flex e-con-boxed e-con e-parent e-lazyloaded\" data-id=\"4a310f4\" data-element_type=\"container\"><\/div><\/li>\n<\/ul>\n<\/li>\n<\/ul>\t\t\t\t\t\t\t\t<\/div>\n\t\t\t\t<\/div>\n\t\t\t\t<div class=\"elementor-element elementor-element-bb517bc e-con e-atomic-element e-flexbox-base\" data-id=\"bb517bc\" data-element_type=\"e-flexbox\" data-e-type=\"e-flexbox\" data-interaction-id=\"bb517bc\">\n\t\t\t\t\t\t\t\t<p class=\"e-2f2da3f-eaaa246 e-paragraph-base\" data-interaction-id=\"2f2da3f\"  >\n\t\t\t\t\t\t\t\tType your paragraph here\n\t\t\t\t\t<\/p>\n\t\t\t\t<\/div>\n\t\t\t\t<\/div>\n\t\t","protected":false},"excerpt":{"rendered":"<p>DV-1 SKYLARK Ultralehk\u00fd dvoum\u00edstn\u00fd dolnoplo\u0161n\u00edk Trup &#8211;\u00a0polosko\u0159epinov\u00e1 konstrukce, v\u0161echny nosn\u00e9 \u010d\u00e1sti jsou vyrobeny z duralu. Lichob\u011b\u017en\u00edkov\u00e9 k\u0159\u00eddlo\u00a0\u2013 vybaveno jednoduch\u00fdmi skl\u00e1p\u011bc\u00edmi vztlakov\u00fdmi klapkami a tak\u00e9 karbonov\u00fdmi winglety. Svisl\u00e9 a vodorovn\u00e9 ocasn\u00ed plochy typu \u201eT\u201c (SOP, VOP)\u00a0\u2013 se skl\u00e1daj\u00ed ze sm\u011brovky, horizont\u00e1ln\u00edho stabiliz\u00e1toru, v\u00fd\u0161kovky s elektricky ovl\u00e1danou vyva\u017eovac\u00ed plo\u0161kou. Pevn\u00fd podvozek s \u0159\u00edzen\u00fdm p\u0159\u00ed\u010fov\u00fdm kolem\u00a0\u2013 odpru\u017een\u00e1 noha [&hellip;]<\/p>\n","protected":false},"author":1,"featured_media":0,"parent":0,"menu_order":0,"comment_status":"closed","ping_status":"closed","template":"","meta":{"_eb_attr":"","footnotes":""},"class_list":["post-8897","page","type-page","status-publish","hentry"],"_links":{"self":[{"href":"https:\/\/it2510.sspu-opava.eu\/index.php?rest_route=\/wp\/v2\/pages\/8897","targetHints":{"allow":["GET"]}}],"collection":[{"href":"https:\/\/it2510.sspu-opava.eu\/index.php?rest_route=\/wp\/v2\/pages"}],"about":[{"href":"https:\/\/it2510.sspu-opava.eu\/index.php?rest_route=\/wp\/v2\/types\/page"}],"author":[{"embeddable":true,"href":"https:\/\/it2510.sspu-opava.eu\/index.php?rest_route=\/wp\/v2\/users\/1"}],"replies":[{"embeddable":true,"href":"https:\/\/it2510.sspu-opava.eu\/index.php?rest_route=%2Fwp%2Fv2%2Fcomments&post=8897"}],"version-history":[{"count":11,"href":"https:\/\/it2510.sspu-opava.eu\/index.php?rest_route=\/wp\/v2\/pages\/8897\/revisions"}],"predecessor-version":[{"id":8913,"href":"https:\/\/it2510.sspu-opava.eu\/index.php?rest_route=\/wp\/v2\/pages\/8897\/revisions\/8913"}],"wp:attachment":[{"href":"https:\/\/it2510.sspu-opava.eu\/index.php?rest_route=%2Fwp%2Fv2%2Fmedia&parent=8897"}],"curies":[{"name":"wp","href":"https:\/\/api.w.org\/{rel}","templated":true}]}}