{"id":8940,"date":"2026-05-05T09:47:05","date_gmt":"2026-05-05T07:47:05","guid":{"rendered":"https:\/\/it2510.sspu-opava.eu\/?page_id=8940"},"modified":"2026-05-05T10:04:16","modified_gmt":"2026-05-05T08:04:16","slug":"o-nas","status":"publish","type":"page","link":"https:\/\/it2510.sspu-opava.eu\/?page_id=8940","title":{"rendered":"O N\u00c1S"},"content":{"rendered":"\t\t<div data-elementor-type=\"wp-page\" data-elementor-id=\"8940\" class=\"elementor elementor-8940\">\n\t\t\t\t\t\t<div class=\"elementor-element elementor-element-47af950 e-con e-atomic-element e-flexbox-base\" data-id=\"47af950\" data-element_type=\"e-flexbox\" data-e-type=\"e-flexbox\" data-interaction-id=\"47af950\">\n\t\t\t\t\t\t\t<h2 \n\t\tdata-interaction-id=\"06f6e17\" \n\t\tclass=\"e-heading-base\" \n\t\t \n\t\t\n\t>\n\t\n\t\t\tJSME KLUB L\u00c9T\u00c1N\u00cd\n\t\t<\/h2>\n\t\t\t\t<\/div>\n\t\t\t\t<\/div>\n\t\t","protected":false},"excerpt":{"rendered":"<p>JSME KLUB L\u00c9T\u00c1N\u00cd<\/p>\n","protected":false},"author":1,"featured_media":0,"parent":0,"menu_order":0,"comment_status":"closed","ping_status":"closed","template":"","meta":{"_eb_attr":"","footnotes":""},"class_list":["post-8940","page","type-page","status-publish","hentry"],"_links":{"self":[{"href":"https:\/\/it2510.sspu-opava.eu\/index.php?rest_route=\/wp\/v2\/pages\/8940","targetHints":{"allow":["GET"]}}],"collection":[{"href":"https:\/\/it2510.sspu-opava.eu\/index.php?rest_route=\/wp\/v2\/pages"}],"about":[{"href":"https:\/\/it2510.sspu-opava.eu\/index.php?rest_route=\/wp\/v2\/types\/page"}],"author":[{"embeddable":true,"href":"https:\/\/it2510.sspu-opava.eu\/index.php?rest_route=\/wp\/v2\/users\/1"}],"replies":[{"embeddable":true,"href":"https:\/\/it2510.sspu-opava.eu\/index.php?rest_route=%2Fwp%2Fv2%2Fcomments&post=8940"}],"version-history":[{"count":6,"href":"https:\/\/it2510.sspu-opava.eu\/index.php?rest_route=\/wp\/v2\/pages\/8940\/revisions"}],"predecessor-version":[{"id":8958,"href":"https:\/\/it2510.sspu-opava.eu\/index.php?rest_route=\/wp\/v2\/pages\/8940\/revisions\/8958"}],"wp:attachment":[{"href":"https:\/\/it2510.sspu-opava.eu\/index.php?rest_route=%2Fwp%2Fv2%2Fmedia&parent=8940"}],"curies":[{"name":"wp","href":"https:\/\/api.w.org\/{rel}","templated":true}]}}